{"id":69,"date":"2025-03-17T21:30:13","date_gmt":"2025-03-18T00:30:13","guid":{"rendered":"https:\/\/grupotechshop.com.br\/?page_id=69"},"modified":"2025-03-18T16:24:24","modified_gmt":"2025-03-18T19:24:24","slug":"nossas-vagas","status":"publish","type":"page","link":"https:\/\/grupotechshop.com.br\/index.php\/nossas-vagas\/","title":{"rendered":"Nossas Vagas"},"content":{"rendered":"\n<figure class=\"wp-block-table\"><table><tbody><tr><td><strong>CARGO: ATENDENTE DE SUCESSO AO CLIENTE<\/strong><\/td><\/tr><tr><td><strong>SOBRE A VAGA:<\/strong><\/td><\/tr><tr><td>Buscamos uma pessoa que possua excelentes habilidades de comunica\u00e7\u00e3o seja proativa na resolu\u00e7\u00e3o de problemas e esteja comprometida em proporcionar uma experi\u00eancia de atendimento ao cliente de alta qualidade.<\/td><\/tr><tr><td><strong>RESPONSABILIDADES:<\/strong><\/td><\/tr><tr><td>&#8211; Atender os clientes de p\u00f3s-vendas (ativa e receptiva), WhatsApp (Blip), e-mail, seguindo padr\u00f5es estabelecidos pela empresa.<br>&#8211; Identificar a necessidade do cliente e trazer uma solu\u00e7\u00e3o pr\u00e1tica e objetiva.<br>&#8211; Utilizar sistemas para realiza\u00e7\u00e3o de registros e aplica\u00e7\u00f5es do atendimento.<\/td><\/tr><tr><td><strong>REQUISITOS:<\/strong><\/td><\/tr><tr><td>&#8211; Ensino m\u00e9dio.<br>&#8211; Demonstrar empatia, ser cordial e ter proatividade.<br>&#8211; Excelentes habilidades de comunica\u00e7\u00e3o escrita e verbal.<\/td><\/tr><tr><td><strong>JORNADA E SAL\u00c1RIO:<\/strong><\/td><\/tr><tr><td>&#8211; Segunda a quinta de 8 \u00e0s 18h, e sexta de 8 \u00e0s 17h.<br>&#8211; R$1.811,00<\/td><\/tr><tr><td><strong>BENEF\u00cdCIOS:<\/strong><\/td><\/tr><tr><td>&#8211; Ecx Pay (R$24 por dia).  &#8211; Conv\u00eancio M\u00e9dico Unimed Uni F\u00e1cil Flex   &#8211; Conv\u00eanio Farm\u00e1cia, EXC Card.<br>&#8211; Descontos estudantis (Newton Paiva, Senac, Grupo Kroton e CNA)   &#8211; Refeit\u00f3rio<br>&#8211; Total pass, Namu e Desconto Farm\u00e1cia.   &#8211; Vale transporte ou Mobilidade   &#8211; Adiantamento de Sal\u00e1rio<\/td><\/tr><\/tbody><\/table><figcaption class=\"wp-element-caption\"><br>Quer fazer parte do nosso time? <strong><a href=\"https:\/\/grupotechshop.com.br\/index.php\/faca-parte\/\">Candidate-se a vaga aqui!<\/a><br><\/strong><\/figcaption><\/figure>\n","protected":false},"excerpt":{"rendered":"<p>CARGO: ATENDENTE DE SUCESSO AO CLIENTE SOBRE A VAGA: Buscamos uma pessoa que possua excelentes habilidades de comunica\u00e7\u00e3o seja proativa na resolu\u00e7\u00e3o de problemas e esteja comprometida em proporcionar uma experi\u00eancia de atendimento ao cliente de alta qualidade. RESPONSABILIDADES: &#8211; Atender os clientes de p\u00f3s-vendas (ativa e receptiva), WhatsApp (Blip), e-mail, seguindo padr\u00f5es estabelecidos pela [&hellip;]<\/p>\n","protected":false},"author":1,"featured_media":0,"parent":0,"menu_order":0,"comment_status":"closed","ping_status":"closed","template":"templates\/template-page-full-width.php","meta":{"footnotes":""},"_links":{"self":[{"href":"https:\/\/grupotechshop.com.br\/index.php\/wp-json\/wp\/v2\/pages\/69"}],"collection":[{"href":"https:\/\/grupotechshop.com.br\/index.php\/wp-json\/wp\/v2\/pages"}],"about":[{"href":"https:\/\/grupotechshop.com.br\/index.php\/wp-json\/wp\/v2\/types\/page"}],"author":[{"embeddable":true,"href":"https:\/\/grupotechshop.com.br\/index.php\/wp-json\/wp\/v2\/users\/1"}],"replies":[{"embeddable":true,"href":"https:\/\/grupotechshop.com.br\/index.php\/wp-json\/wp\/v2\/comments?post=69"}],"version-history":[{"count":9,"href":"https:\/\/grupotechshop.com.br\/index.php\/wp-json\/wp\/v2\/pages\/69\/revisions"}],"predecessor-version":[{"id":179,"href":"https:\/\/grupotechshop.com.br\/index.php\/wp-json\/wp\/v2\/pages\/69\/revisions\/179"}],"wp:attachment":[{"href":"https:\/\/grupotechshop.com.br\/index.php\/wp-json\/wp\/v2\/media?parent=69"}],"curies":[{"name":"wp","href":"https:\/\/api.w.org\/{rel}","templated":true}]}}